{"id":216,"date":"2022-02-04T14:44:27","date_gmt":"2022-02-04T17:44:27","guid":{"rendered":"https:\/\/www.imoveispro.com.br\/blog\/?page_id=216"},"modified":"2024-08-16T12:18:10","modified_gmt":"2024-08-16T15:18:10","slug":"blog","status":"publish","type":"page","link":"https:\/\/www.imoveispro.com.br\/blog\/","title":{"rendered":"Blog Im\u00f3veis PRO"},"content":{"rendered":"","protected":false},"excerpt":{"rendered":"","protected":false},"author":1,"featured_media":0,"parent":0,"menu_order":0,"comment_status":"closed","ping_status":"closed","template":"","meta":{"footnotes":""},"class_list":["post-216","page","type-page","status-publish","hentry"],"yoast_head":"<!-- This site is optimized with the Yoast SEO plugin v27.6 - https:\/\/yoast.com\/product\/yoast-seo-wordpress\/ -->\n<title>Blog Im\u00f3veis PRO - Imobili\u00e1ria em Moema<\/title>\n<meta name=\"description\" content=\"Blog Im\u00f3veis PRO | Tradi\u00e7\u00e3o e inova\u00e7\u00e3o se fundem na Im\u00f3veis PRO, tornando os processos imobili\u00e1rios mais fluidos e seguros.\" \/>\n<meta name=\"robots\" content=\"index, follow, max-snippet:-1, max-image-preview:large, max-video-preview:-1\" \/>\n<link rel=\"canonical\" href=\"https:\/\/www.imoveispro.com.br\/blog\/\" \/>\n<meta property=\"og:locale\" content=\"pt_BR\" \/>\n<meta property=\"og:type\" content=\"article\" \/>\n<meta property=\"og:title\" content=\"Blog Im\u00f3veis PRO - Imobili\u00e1ria em Moema\" \/>\n<meta property=\"og:description\" content=\"Blog Im\u00f3veis PRO | Tradi\u00e7\u00e3o e inova\u00e7\u00e3o se fundem na Im\u00f3veis PRO, tornando os processos imobili\u00e1rios mais fluidos e seguros.\" \/>\n<meta property=\"og:url\" content=\"https:\/\/www.imoveispro.com.br\/blog\/\" \/>\n<meta property=\"og:site_name\" content=\"Im\u00f3veis PRO\" \/>\n<meta property=\"article:publisher\" content=\"https:\/\/www.facebook.com\/imoveisPRO\/\" \/>\n<meta property=\"article:modified_time\" content=\"2024-08-16T15:18:10+00:00\" \/>\n<meta name=\"twitter:card\" content=\"summary_large_image\" \/>\n<meta name=\"twitter:label1\" content=\"Est. tempo de leitura\" \/>\n\t<meta name=\"twitter:data1\" content=\"1 minuto\" \/>\n<script type=\"application\/ld+json\" class=\"yoast-schema-graph\">{\"@context\":\"https:\\\/\\\/schema.org\",\"@graph\":[{\"@type\":\"WebPage\",\"@id\":\"https:\\\/\\\/www.imoveispro.com.br\\\/blog\\\/\",\"url\":\"https:\\\/\\\/www.imoveispro.com.br\\\/blog\\\/\",\"name\":\"Blog Im\u00f3veis PRO - Imobili\u00e1ria em Moema\",\"isPartOf\":{\"@id\":\"https:\\\/\\\/www.imoveispro.com.br\\\/blog\\\/#website\"},\"datePublished\":\"2022-02-04T17:44:27+00:00\",\"dateModified\":\"2024-08-16T15:18:10+00:00\",\"description\":\"Blog Im\u00f3veis PRO | Tradi\u00e7\u00e3o e inova\u00e7\u00e3o se fundem na Im\u00f3veis PRO, tornando os processos imobili\u00e1rios mais fluidos e seguros.\",\"breadcrumb\":{\"@id\":\"https:\\\/\\\/www.imoveispro.com.br\\\/blog\\\/#breadcrumb\"},\"inLanguage\":\"pt-BR\",\"potentialAction\":[{\"@type\":\"ReadAction\",\"target\":[\"https:\\\/\\\/www.imoveispro.com.br\\\/blog\\\/\"]}]},{\"@type\":\"BreadcrumbList\",\"@id\":\"https:\\\/\\\/www.imoveispro.com.br\\\/blog\\\/#breadcrumb\",\"itemListElement\":[{\"@type\":\"ListItem\",\"position\":1,\"name\":\"In\u00edcio\",\"item\":\"https:\\\/\\\/www.imoveispro.com.br\\\/blog\\\/\"},{\"@type\":\"ListItem\",\"position\":2,\"name\":\"Blog Im\u00f3veis PRO\"}]},{\"@type\":\"WebSite\",\"@id\":\"https:\\\/\\\/www.imoveispro.com.br\\\/blog\\\/#website\",\"url\":\"https:\\\/\\\/www.imoveispro.com.br\\\/blog\\\/\",\"name\":\"Im\u00f3veis PRO\",\"description\":\"Conte\u00fado exclusivo do mercado Imobili\u00e1rio\",\"publisher\":{\"@id\":\"https:\\\/\\\/www.imoveispro.com.br\\\/blog\\\/#organization\"},\"potentialAction\":[{\"@type\":\"SearchAction\",\"target\":{\"@type\":\"EntryPoint\",\"urlTemplate\":\"https:\\\/\\\/www.imoveispro.com.br\\\/blog\\\/?s={search_term_string}\"},\"query-input\":{\"@type\":\"PropertyValueSpecification\",\"valueRequired\":true,\"valueName\":\"search_term_string\"}}],\"inLanguage\":\"pt-BR\"},{\"@type\":\"Organization\",\"@id\":\"https:\\\/\\\/www.imoveispro.com.br\\\/blog\\\/#organization\",\"name\":\"Im\u00f3veis PRO\",\"url\":\"https:\\\/\\\/www.imoveispro.com.br\\\/blog\\\/\",\"logo\":{\"@type\":\"ImageObject\",\"inLanguage\":\"pt-BR\",\"@id\":\"https:\\\/\\\/www.imoveispro.com.br\\\/blog\\\/#\\\/schema\\\/logo\\\/image\\\/\",\"url\":\"https:\\\/\\\/www.imoveispro.com.br\\\/blog\\\/wp-content\\\/uploads\\\/2021\\\/06\\\/black-logo.png\",\"contentUrl\":\"https:\\\/\\\/www.imoveispro.com.br\\\/blog\\\/wp-content\\\/uploads\\\/2021\\\/06\\\/black-logo.png\",\"width\":420,\"height\":115,\"caption\":\"Im\u00f3veis PRO\"},\"image\":{\"@id\":\"https:\\\/\\\/www.imoveispro.com.br\\\/blog\\\/#\\\/schema\\\/logo\\\/image\\\/\"},\"sameAs\":[\"https:\\\/\\\/www.facebook.com\\\/imoveisPRO\\\/\",\"https:\\\/\\\/instagram.com\\\/imoveispro\",\"https:\\\/\\\/www.youtube.com\\\/channel\\\/UCAD0WxNIGrLum8BCP2OiMvA\\\/videos\"]}]}<\/script>\n<!-- \/ Yoast SEO plugin. -->","yoast_head_json":{"title":"Blog Im\u00f3veis PRO - Imobili\u00e1ria em Moema","description":"Blog Im\u00f3veis PRO | Tradi\u00e7\u00e3o e inova\u00e7\u00e3o se fundem na Im\u00f3veis PRO, tornando os processos imobili\u00e1rios mais fluidos e seguros.","robots":{"index":"index","follow":"follow","max-snippet":"max-snippet:-1","max-image-preview":"max-image-preview:large","max-video-preview":"max-video-preview:-1"},"canonical":"https:\/\/www.imoveispro.com.br\/blog\/","og_locale":"pt_BR","og_type":"article","og_title":"Blog Im\u00f3veis PRO - Imobili\u00e1ria em Moema","og_description":"Blog Im\u00f3veis PRO | Tradi\u00e7\u00e3o e inova\u00e7\u00e3o se fundem na Im\u00f3veis PRO, tornando os processos imobili\u00e1rios mais fluidos e seguros.","og_url":"https:\/\/www.imoveispro.com.br\/blog\/","og_site_name":"Im\u00f3veis PRO","article_publisher":"https:\/\/www.facebook.com\/imoveisPRO\/","article_modified_time":"2024-08-16T15:18:10+00:00","twitter_card":"summary_large_image","twitter_misc":{"Est. tempo de leitura":"1 minuto"},"schema":{"@context":"https:\/\/schema.org","@graph":[{"@type":"WebPage","@id":"https:\/\/www.imoveispro.com.br\/blog\/","url":"https:\/\/www.imoveispro.com.br\/blog\/","name":"Blog Im\u00f3veis PRO - Imobili\u00e1ria em Moema","isPartOf":{"@id":"https:\/\/www.imoveispro.com.br\/blog\/#website"},"datePublished":"2022-02-04T17:44:27+00:00","dateModified":"2024-08-16T15:18:10+00:00","description":"Blog Im\u00f3veis PRO | Tradi\u00e7\u00e3o e inova\u00e7\u00e3o se fundem na Im\u00f3veis PRO, tornando os processos imobili\u00e1rios mais fluidos e seguros.","breadcrumb":{"@id":"https:\/\/www.imoveispro.com.br\/blog\/#breadcrumb"},"inLanguage":"pt-BR","potentialAction":[{"@type":"ReadAction","target":["https:\/\/www.imoveispro.com.br\/blog\/"]}]},{"@type":"BreadcrumbList","@id":"https:\/\/www.imoveispro.com.br\/blog\/#breadcrumb","itemListElement":[{"@type":"ListItem","position":1,"name":"In\u00edcio","item":"https:\/\/www.imoveispro.com.br\/blog\/"},{"@type":"ListItem","position":2,"name":"Blog Im\u00f3veis PRO"}]},{"@type":"WebSite","@id":"https:\/\/www.imoveispro.com.br\/blog\/#website","url":"https:\/\/www.imoveispro.com.br\/blog\/","name":"Im\u00f3veis PRO","description":"Conte\u00fado exclusivo do mercado Imobili\u00e1rio","publisher":{"@id":"https:\/\/www.imoveispro.com.br\/blog\/#organization"},"potentialAction":[{"@type":"SearchAction","target":{"@type":"EntryPoint","urlTemplate":"https:\/\/www.imoveispro.com.br\/blog\/?s={search_term_string}"},"query-input":{"@type":"PropertyValueSpecification","valueRequired":true,"valueName":"search_term_string"}}],"inLanguage":"pt-BR"},{"@type":"Organization","@id":"https:\/\/www.imoveispro.com.br\/blog\/#organization","name":"Im\u00f3veis PRO","url":"https:\/\/www.imoveispro.com.br\/blog\/","logo":{"@type":"ImageObject","inLanguage":"pt-BR","@id":"https:\/\/www.imoveispro.com.br\/blog\/#\/schema\/logo\/image\/","url":"https:\/\/www.imoveispro.com.br\/blog\/wp-content\/uploads\/2021\/06\/black-logo.png","contentUrl":"https:\/\/www.imoveispro.com.br\/blog\/wp-content\/uploads\/2021\/06\/black-logo.png","width":420,"height":115,"caption":"Im\u00f3veis PRO"},"image":{"@id":"https:\/\/www.imoveispro.com.br\/blog\/#\/schema\/logo\/image\/"},"sameAs":["https:\/\/www.facebook.com\/imoveisPRO\/","https:\/\/instagram.com\/imoveispro","https:\/\/www.youtube.com\/channel\/UCAD0WxNIGrLum8BCP2OiMvA\/videos"]}]}},"_links":{"self":[{"href":"https:\/\/www.imoveispro.com.br\/blog\/wp-json\/wp\/v2\/pages\/216","targetHints":{"allow":["GET"]}}],"collection":[{"href":"https:\/\/www.imoveispro.com.br\/blog\/wp-json\/wp\/v2\/pages"}],"about":[{"href":"https:\/\/www.imoveispro.com.br\/blog\/wp-json\/wp\/v2\/types\/page"}],"author":[{"embeddable":true,"href":"https:\/\/www.imoveispro.com.br\/blog\/wp-json\/wp\/v2\/users\/1"}],"replies":[{"embeddable":true,"href":"https:\/\/www.imoveispro.com.br\/blog\/wp-json\/wp\/v2\/comments?post=216"}],"version-history":[{"count":4,"href":"https:\/\/www.imoveispro.com.br\/blog\/wp-json\/wp\/v2\/pages\/216\/revisions"}],"predecessor-version":[{"id":1098,"href":"https:\/\/www.imoveispro.com.br\/blog\/wp-json\/wp\/v2\/pages\/216\/revisions\/1098"}],"wp:attachment":[{"href":"https:\/\/www.imoveispro.com.br\/blog\/wp-json\/wp\/v2\/media?parent=216"}],"curies":[{"name":"wp","href":"https:\/\/api.w.org\/{rel}","templated":true}]}}